{"id":44,"date":"2025-08-04T19:55:19","date_gmt":"2025-08-04T22:55:19","guid":{"rendered":"https:\/\/latamessence.com\/services\/"},"modified":"2025-12-17T15:20:58","modified_gmt":"2025-12-17T18:20:58","slug":"servicios","status":"publish","type":"page","link":"https:\/\/latamessence.com\/en\/servicios\/","title":{"rendered":"Services"},"content":{"rendered":"<div data-elementor-type=\"wp-post\" data-elementor-id=\"44\" class=\"elementor elementor-44\" data-elementor-post-type=\"page\">\n\t\t\t\t<div class=\"elementor-element elementor-element-240f42b2 e-flex e-con-boxed e-con e-parent\" data-id=\"240f42b2\" data-element_type=\"container\" data-e-type=\"container\" data-settings=\"{&quot;background_background&quot;:&quot;classic&quot;,&quot;shape_divider_bottom&quot;:&quot;waves&quot;}\">\n\t\t\t\t\t<div class=\"e-con-inner\">\n\t\t\t\t<div class=\"elementor-shape elementor-shape-bottom\" aria-hidden=\"true\" data-negative=\"false\">\n\t\t\t<svg xmlns=\"http:\/\/www.w3.org\/2000\/svg\" viewbox=\"0 0 1000 100\" preserveaspectratio=\"none\">\n\t<path class=\"elementor-shape-fill\" d=\"M421.9,6.5c22.6-2.5,51.5,0.4,75.5,5.3c23.6,4.9,70.9,23.5,100.5,35.7c75.8,32.2,133.7,44.5,192.6,49.7\tc23.6,2.1,48.7,3.5,103.4-2.5c54.7-6,106.2-25.6,106.2-25.6V0H0v30.3c0,0,72,32.6,158.4,30.5c39.2-0.7,92.8-6.7,134-22.4\tc21.2-8.1,52.2-18.2,79.7-24.2C399.3,7.9,411.6,7.5,421.9,6.5z\"\/>\n<\/svg>\t\t<\/div>\n\t\t<div class=\"elementor-element elementor-element-12242ce2 e-con-full e-flex e-con e-child\" data-id=\"12242ce2\" data-element_type=\"container\" data-e-type=\"container\">\n\t\t\t\t<div class=\"elementor-element elementor-element-3de0c825 animated-slow elementor-invisible elementor-widget elementor-widget-heading\" data-id=\"3de0c825\" data-element_type=\"widget\" data-e-type=\"widget\" data-settings=\"{&quot;_animation&quot;:&quot;fadeInUp&quot;}\" data-widget_type=\"heading.default\">\n\t\t\t\t<div class=\"elementor-widget-container\">\n\t\t\t\t\t<h1 class=\"elementor-heading-title elementor-size-default\">Services<\/h1>\t\t\t\t<\/div>\n\t\t\t\t<\/div>\n\t\t\t\t<div class=\"elementor-element elementor-element-3f3d1cdb elementor-widget elementor-widget-text-editor\" data-id=\"3f3d1cdb\" data-element_type=\"widget\" data-e-type=\"widget\" data-widget_type=\"text-editor.default\">\n\t\t\t\t<div class=\"elementor-widget-container\">\n\t\t\t\t\t\t\t\t\t<p>Comprehensive event solutions that inspire and connect<\/p>\t\t\t\t\t\t\t\t<\/div>\n\t\t\t\t<\/div>\n\t\t\t\t<\/div>\n\t\t\t\t\t<\/div>\n\t\t\t\t<\/div>\n\t\t<div class=\"elementor-element elementor-element-f314c20 e-flex e-con-boxed e-con e-parent\" data-id=\"f314c20\" data-element_type=\"container\" data-e-type=\"container\" data-settings=\"{&quot;background_background&quot;:&quot;classic&quot;}\">\n\t\t\t\t\t<div class=\"e-con-inner\">\n\t\t<div class=\"elementor-element elementor-element-abca8a0 e-con-full e-flex e-con e-child\" data-id=\"abca8a0\" data-element_type=\"container\" data-e-type=\"container\">\n\t\t<div class=\"elementor-element elementor-element-7ad993d e-con-full e-flex e-con e-child\" data-id=\"7ad993d\" data-element_type=\"container\" data-e-type=\"container\">\n\t\t<div class=\"elementor-element elementor-element-bcc6f5f e-con-full e-flex e-con e-child\" data-id=\"bcc6f5f\" data-element_type=\"container\" data-e-type=\"container\" data-settings=\"{&quot;background_background&quot;:&quot;classic&quot;}\">\n\t\t\t\t<div class=\"elementor-element elementor-element-7c988f7 elementor-widget elementor-widget-image-box\" data-id=\"7c988f7\" data-element_type=\"widget\" data-e-type=\"widget\" data-widget_type=\"image-box.default\">\n\t\t\t\t<div class=\"elementor-widget-container\">\n\t\t\t\t\t<div class=\"elementor-image-box-wrapper\"><div class=\"elementor-image-box-content\"><h4 class=\"elementor-image-box-title\">Congress and Convention Organization<\/h4><p class=\"elementor-image-box-description\">Strategic management and flawless execution of professional meetings.<\/p><\/div><\/div>\t\t\t\t<\/div>\n\t\t\t\t<\/div>\n\t\t\t\t<\/div>\n\t\t<div class=\"elementor-element elementor-element-0b00f61 e-con-full e-flex e-con e-child\" data-id=\"0b00f61\" data-element_type=\"container\" data-e-type=\"container\" data-settings=\"{&quot;background_background&quot;:&quot;classic&quot;}\">\n\t\t\t\t<div class=\"elementor-element elementor-element-9be78a5 elementor-widget elementor-widget-image-box\" data-id=\"9be78a5\" data-element_type=\"widget\" data-e-type=\"widget\" data-widget_type=\"image-box.default\">\n\t\t\t\t<div class=\"elementor-widget-container\">\n\t\t\t\t\t<div class=\"elementor-image-box-wrapper\"><div class=\"elementor-image-box-content\"><h4 class=\"elementor-image-box-title\">Trade Fairs and Exhibitions<\/h4><p class=\"elementor-image-box-description\">Design, coordination, and production of spaces that generate valuable connections.<\/p><\/div><\/div>\t\t\t\t<\/div>\n\t\t\t\t<\/div>\n\t\t\t\t<\/div>\n\t\t<div class=\"elementor-element elementor-element-46eb320 e-con-full e-flex e-con e-child\" data-id=\"46eb320\" data-element_type=\"container\" data-e-type=\"container\" data-settings=\"{&quot;background_background&quot;:&quot;classic&quot;}\">\n\t\t\t\t<div class=\"elementor-element elementor-element-5728419 elementor-widget elementor-widget-image-box\" data-id=\"5728419\" data-element_type=\"widget\" data-e-type=\"widget\" data-widget_type=\"image-box.default\">\n\t\t\t\t<div class=\"elementor-widget-container\">\n\t\t\t\t\t<div class=\"elementor-image-box-wrapper\"><div class=\"elementor-image-box-content\"><h4 class=\"elementor-image-box-title\">Corporate Incentive Trips<\/h4><p class=\"elementor-image-box-description\">Custom-made programs that recognize, motivate, and build employee and client loyalty.<\/p><\/div><\/div>\t\t\t\t<\/div>\n\t\t\t\t<\/div>\n\t\t\t\t<\/div>\n\t\t\t\t<\/div>\n\t\t<div class=\"elementor-element elementor-element-1b9ae9f e-con-full e-flex e-con e-child\" data-id=\"1b9ae9f\" data-element_type=\"container\" data-e-type=\"container\">\n\t\t<div class=\"elementor-element elementor-element-704211b e-con-full e-flex e-con e-child\" data-id=\"704211b\" data-element_type=\"container\" data-e-type=\"container\" data-settings=\"{&quot;background_background&quot;:&quot;classic&quot;}\">\n\t\t\t\t<div class=\"elementor-element elementor-element-5695567 elementor-widget elementor-widget-image-box\" data-id=\"5695567\" data-element_type=\"widget\" data-e-type=\"widget\" data-widget_type=\"image-box.default\">\n\t\t\t\t<div class=\"elementor-widget-container\">\n\t\t\t\t\t<div class=\"elementor-image-box-wrapper\"><div class=\"elementor-image-box-content\"><h4 class=\"elementor-image-box-title\">Corporate Events and Launches<\/h4><p class=\"elementor-image-box-description\">Innovative experiences that convey brand identity and generate impact.<\/p><\/div><\/div>\t\t\t\t<\/div>\n\t\t\t\t<\/div>\n\t\t\t\t<\/div>\n\t\t<div class=\"elementor-element elementor-element-fd2929b e-con-full e-flex e-con e-child\" data-id=\"fd2929b\" data-element_type=\"container\" data-e-type=\"container\" data-settings=\"{&quot;background_background&quot;:&quot;classic&quot;}\">\n\t\t\t\t<div class=\"elementor-element elementor-element-c7b522d elementor-widget elementor-widget-image-box\" data-id=\"c7b522d\" data-element_type=\"widget\" data-e-type=\"widget\" data-widget_type=\"image-box.default\">\n\t\t\t\t<div class=\"elementor-widget-container\">\n\t\t\t\t\t<div class=\"elementor-image-box-wrapper\"><div class=\"elementor-image-box-content\"><h4 class=\"elementor-image-box-title\">Technical and Stage Production<\/h4><p class=\"elementor-image-box-description\">Technology, setting, and creativity for in-person, hybrid, or virtual events.<\/p><\/div><\/div>\t\t\t\t<\/div>\n\t\t\t\t<\/div>\n\t\t\t\t<\/div>\n\t\t<div class=\"elementor-element elementor-element-e07d03b e-con-full e-flex e-con e-child\" data-id=\"e07d03b\" data-element_type=\"container\" data-e-type=\"container\" data-settings=\"{&quot;background_background&quot;:&quot;classic&quot;}\">\n\t\t\t\t<div class=\"elementor-element elementor-element-d64b63e elementor-widget elementor-widget-image-box\" data-id=\"d64b63e\" data-element_type=\"widget\" data-e-type=\"widget\" data-widget_type=\"image-box.default\">\n\t\t\t\t<div class=\"elementor-widget-container\">\n\t\t\t\t\t<div class=\"elementor-image-box-wrapper\"><div class=\"elementor-image-box-content\"><h4 class=\"elementor-image-box-title\">MICE Strategy Consulting<\/h4><p class=\"elementor-image-box-description\">Specialized consulting to optimize projects, trends, and new technologies.<\/p><\/div><\/div>\t\t\t\t<\/div>\n\t\t\t\t<\/div>\n\t\t\t\t<\/div>\n\t\t\t\t<\/div>\n\t\t\t\t<\/div>\n\t\t\t\t\t<\/div>\n\t\t\t\t<\/div>\n\t\t<div class=\"elementor-element elementor-element-9294982 e-flex e-con-boxed e-con e-parent\" data-id=\"9294982\" data-element_type=\"container\" data-e-type=\"container\" data-settings=\"{&quot;shape_divider_bottom&quot;:&quot;waves&quot;}\">\n\t\t\t\t\t<div class=\"e-con-inner\">\n\t\t\t\t<div class=\"elementor-shape elementor-shape-bottom\" aria-hidden=\"true\" data-negative=\"false\">\n\t\t\t<svg xmlns=\"http:\/\/www.w3.org\/2000\/svg\" viewbox=\"0 0 1000 100\" preserveaspectratio=\"none\">\n\t<path class=\"elementor-shape-fill\" d=\"M421.9,6.5c22.6-2.5,51.5,0.4,75.5,5.3c23.6,4.9,70.9,23.5,100.5,35.7c75.8,32.2,133.7,44.5,192.6,49.7\tc23.6,2.1,48.7,3.5,103.4-2.5c54.7-6,106.2-25.6,106.2-25.6V0H0v30.3c0,0,72,32.6,158.4,30.5c39.2-0.7,92.8-6.7,134-22.4\tc21.2-8.1,52.2-18.2,79.7-24.2C399.3,7.9,411.6,7.5,421.9,6.5z\"\/>\n<\/svg>\t\t<\/div>\n\t\t\t\t<div class=\"elementor-element elementor-element-a01379d elementor-widget elementor-widget-heading\" data-id=\"a01379d\" data-element_type=\"widget\" data-e-type=\"widget\" data-widget_type=\"heading.default\">\n\t\t\t\t<div class=\"elementor-widget-container\">\n\t\t\t\t\t<h2 class=\"elementor-heading-title elementor-size-default\">Our focus on creating MICE experiences<\/h2>\t\t\t\t<\/div>\n\t\t\t\t<\/div>\n\t\t\t\t<div class=\"elementor-element elementor-element-b28c29d elementor-widget elementor-widget-text-editor\" data-id=\"b28c29d\" data-element_type=\"widget\" data-e-type=\"widget\" data-widget_type=\"text-editor.default\">\n\t\t\t\t<div class=\"elementor-widget-container\">\n\t\t\t\t\t\t\t\t\t<p data-start=\"1541\" data-end=\"1860\">At Essence Latam, we understand that every event is an opportunity to generate impact, strengthen relationships, and open new business opportunities. Our service portfolio covers all phases of the MICE value chain, from conceptualization to execution, with an innovative and professional approach.<\/p><p data-start=\"1862\" data-end=\"2227\">We provide comprehensive services for <strong data-start=\"1898\" data-end=\"1926\">congresses and conventions<\/strong>, designed to bring together professionals and leaders from different sectors in environments that foster the exchange of ideas and the creation of knowledge. Our team handles logistics, speaker management, technology, and production, ensuring memorable and efficient experiences.<\/p><p data-start=\"2229\" data-end=\"2487\">In the field of <strong data-start=\"2249\" data-end=\"2286\">trade fairs and exhibitions<\/strong>, we connect companies and audiences through strategically designed spaces. We coordinate exhibitors, visitors, and sponsors, generating business opportunities that transcend the event.<\/p><p data-start=\"2489\" data-end=\"2757\">The <strong data-start=\"2493\" data-end=\"2516\">Incentive trips<\/strong> and corporate experiences are part of our specialty: we create unique programs in the most inspiring destinations in Latin America, integrating cultural, culinary, and adventure activities that motivate and strengthen teams.<\/p><p data-start=\"2759\" data-end=\"2977\">For <strong data-start=\"2764\" data-end=\"2826\">corporate events, brand launches, and activations<\/strong>, we offer innovative formats that convey identity and generate a direct impact on the audience, combining creativity with impeccable execution.<\/p><p data-start=\"2979\" data-end=\"3187\">Our <strong data-start=\"2987\" data-end=\"3025\">technical and stage production<\/strong> guarantees cutting-edge solutions in sound, lighting, streaming, and stage design, adapting to in-person, hybrid, and virtual formats.<\/p><p data-start=\"3189\" data-end=\"3477\">In addition, we support our clients with <strong data-start=\"3233\" data-end=\"3262\">strategic MICE consulting<\/strong>incorporating global trends, technologies, and best practices. We complement this work with <strong data-start=\"3363\" data-end=\"3387\">academic programs<\/strong> that promote the professionalization of the industry and the development of new talent.<\/p><p data-start=\"3479\" data-end=\"3690\">As part of our commitment, we develop initiatives for <strong data-start=\"3547\" data-end=\"3596\">female leadership in the events industry<\/strong>, creating mentorship and visibility opportunities for female producers throughout Latin America.<\/p><p data-start=\"3692\" data-end=\"3961\">Finally, we promote <strong data-start=\"3718\" data-end=\"3749\">sustainability and innovation<\/strong> as pillars of our work, designing responsible events that meet high standards of quality and efficiency, while providing differential value to the organizations that trust us.<\/p><p data-start=\"3963\" data-end=\"4065\">With Essence Latam, each project becomes an experience that inspires, connects, and leaves a lasting impression.<\/p>\t\t\t\t\t\t\t\t<\/div>\n\t\t\t\t<\/div>\n\t\t\t\t<div class=\"elementor-element elementor-element-9337575 elementor-widget elementor-widget-heading\" data-id=\"9337575\" data-element_type=\"widget\" data-e-type=\"widget\" data-widget_type=\"heading.default\">\n\t\t\t\t<div class=\"elementor-widget-container\">\n\t\t\t\t\t<h2 class=\"elementor-heading-title elementor-size-default\">Liderazgo, Promoci\u00f3n y Formaci\u00f3n<\/h2>\t\t\t\t<\/div>\n\t\t\t\t<\/div>\n\t\t\t\t<div class=\"elementor-element elementor-element-26a94d8 elementor-widget elementor-widget-text-editor\" data-id=\"26a94d8\" data-element_type=\"widget\" data-e-type=\"widget\" data-widget_type=\"text-editor.default\">\n\t\t\t\t<div class=\"elementor-widget-container\">\n\t\t\t\t\t\t\t\t\t<p>Essence Latam es un modelo de red de liderazgo colaborativo que integra la experiencia de mujeres CEO en distintos pa\u00edses de la regi\u00f3n, a partir de una estrategia consciente de articulaci\u00f3n, liderazgo y construcci\u00f3n de visi\u00f3n colectiva, orientada a fortalecer la voz de Latinoam\u00e9rica dentro del turismo de reuniones a nivel global.<\/p><p>ESSENCE conecta mujeres CEO con liderazgo, integrando conocimiento local, capacidades operativas y redes institucionales. Esta articulaci\u00f3n permite avanzar hacia propuestas regionales coordinadas y fortalecer el liderazgo femenino.<\/p><p>ESSENCE impulsa una estrategia basada en inteligencia y planificaci\u00f3n de largo plazo. La red no se limita solo a ejecutar eventos, sino que trabaja en la identificaci\u00f3n de oportunidades estrat\u00e9gicas, el an\u00e1lisis de tendencias globales y la construcci\u00f3n de propuestas de valor alineadas con los est\u00e1ndares internacionales del MICE.<\/p><p>El liderazgo femenino que fortalece ESSENCE es un liderazgo ejecutivo, con capacidad de decisi\u00f3n, negociaci\u00f3n y gesti\u00f3n. Este liderazgo aporta una mirada integradora, \u00e9tica y estrat\u00e9gica.<\/p><p>Essence conecta oportunidades, desarrolla redes de negocios, mentorea nuevos liderazgos y genera est\u00e1ndares que posicionen el talento femenino como motor de crecimiento en la regi\u00f3n,\u00a0 da visibilidad a empresas lideradas por mujeres del sector MICE;\u00a0 desarrolla programas de formaci\u00f3n ejecutiva, organiza misiones comerciales, ferias, eventos y espacios de networking de alto nivel.<\/p>\t\t\t\t\t\t\t\t<\/div>\n\t\t\t\t<\/div>\n\t\t\t\t\t<\/div>\n\t\t\t\t<\/div>\n\t\t\t\t<\/div>","protected":false},"excerpt":{"rendered":"<p>Servicios Soluciones integrales para eventos que inspiran y conectan Organizaci\u00f3n de Congresos y Convenciones Gesti\u00f3n estrat\u00e9gica y ejecuci\u00f3n impecable de encuentros profesionales. Ferias y Exposiciones Comerciales Dise\u00f1o, coordinaci\u00f3n y producci\u00f3n de espacios que generan conexiones de valor. Viajes de Incentivo Corporativos Programas a medida que reconocen, motivan y fidelizan a colaboradores y clientes. Eventos Corporativos [&hellip;]<\/p>\n","protected":false},"author":1,"featured_media":0,"parent":0,"menu_order":0,"comment_status":"closed","ping_status":"closed","template":"","meta":{"site-sidebar-layout":"no-sidebar","site-content-layout":"page-builder","ast-site-content-layout":"full-width-container","site-content-style":"unboxed","site-sidebar-style":"unboxed","ast-global-header-display":"","ast-banner-title-visibility":"","ast-main-header-display":"","ast-hfb-above-header-display":"","ast-hfb-below-header-display":"","ast-hfb-mobile-header-display":"","site-post-title":"disabled","ast-breadcrumbs-content":"","ast-featured-img":"disabled","footer-sml-layout":"","theme-transparent-header-meta":"disabled","adv-header-id-meta":"","stick-header-meta":"","header-above-stick-meta":"","header-main-stick-meta":"","header-below-stick-meta":"","astra-migrate-meta-layouts":"set","ast-page-background-enabled":"default","ast-page-background-meta":{"desktop":{"background-color":"","background-image":"","background-repeat":"repeat","background-position":"center center","background-size":"auto","background-attachment":"scroll","background-type":"","background-media":"","overlay-type":"","overlay-color":"","overlay-opacity":"","overlay-gradient":""},"tablet":{"background-color":"","background-image":"","background-repeat":"repeat","background-position":"center center","background-size":"auto","background-attachment":"scroll","background-type":"","background-media":"","overlay-type":"","overlay-color":"","overlay-opacity":"","overlay-gradient":""},"mobile":{"background-color":"","background-image":"","background-repeat":"repeat","background-position":"center center","background-size":"auto","background-attachment":"scroll","background-type":"","background-media":"","overlay-type":"","overlay-color":"","overlay-opacity":"","overlay-gradient":""}},"ast-content-background-meta":{"desktop":{"background-color":"var(--ast-global-color-5)","background-image":"","background-repeat":"repeat","background-position":"center center","background-size":"auto","background-attachment":"scroll","background-type":"","background-media":"","overlay-type":"","overlay-color":"","overlay-opacity":"","overlay-gradient":""},"tablet":{"background-color":"var(--ast-global-color-5)","background-image":"","background-repeat":"repeat","background-position":"center center","background-size":"auto","background-attachment":"scroll","background-type":"","background-media":"","overlay-type":"","overlay-color":"","overlay-opacity":"","overlay-gradient":""},"mobile":{"background-color":"var(--ast-global-color-5)","background-image":"","background-repeat":"repeat","background-position":"center center","background-size":"auto","background-attachment":"scroll","background-type":"","background-media":"","overlay-type":"","overlay-color":"","overlay-opacity":"","overlay-gradient":""}},"footnotes":""},"class_list":["post-44","page","type-page","status-publish","hentry"],"_links":{"self":[{"href":"https:\/\/latamessence.com\/en\/wp-json\/wp\/v2\/pages\/44","targetHints":{"allow":["GET"]}}],"collection":[{"href":"https:\/\/latamessence.com\/en\/wp-json\/wp\/v2\/pages"}],"about":[{"href":"https:\/\/latamessence.com\/en\/wp-json\/wp\/v2\/types\/page"}],"author":[{"embeddable":true,"href":"https:\/\/latamessence.com\/en\/wp-json\/wp\/v2\/users\/1"}],"replies":[{"embeddable":true,"href":"https:\/\/latamessence.com\/en\/wp-json\/wp\/v2\/comments?post=44"}],"version-history":[{"count":27,"href":"https:\/\/latamessence.com\/en\/wp-json\/wp\/v2\/pages\/44\/revisions"}],"predecessor-version":[{"id":2559,"href":"https:\/\/latamessence.com\/en\/wp-json\/wp\/v2\/pages\/44\/revisions\/2559"}],"wp:attachment":[{"href":"https:\/\/latamessence.com\/en\/wp-json\/wp\/v2\/media?parent=44"}],"curies":[{"name":"wp","href":"https:\/\/api.w.org\/{rel}","templated":true}]}}