{"id":2433,"date":"2025-08-28T19:57:42","date_gmt":"2025-08-28T22:57:42","guid":{"rendered":"https:\/\/latamessence.com\/?page_id=2433"},"modified":"2025-12-16T14:58:25","modified_gmt":"2025-12-16T17:58:25","slug":"nuestro-destino","status":"publish","type":"page","link":"https:\/\/latamessence.com\/en\/nuestro-destino\/","title":{"rendered":"Our Destiny"},"content":{"rendered":"<div data-elementor-type=\"wp-post\" data-elementor-id=\"2433\" class=\"elementor elementor-2433\" data-elementor-post-type=\"page\">\n\t\t\t\t<div class=\"elementor-element elementor-element-98746ab e-flex e-con-boxed e-con e-parent\" data-id=\"98746ab\" data-element_type=\"container\" data-e-type=\"container\" data-settings=\"{&quot;background_background&quot;:&quot;classic&quot;,&quot;shape_divider_bottom&quot;:&quot;waves&quot;}\">\n\t\t\t\t\t<div class=\"e-con-inner\">\n\t\t\t\t<div class=\"elementor-shape elementor-shape-bottom\" aria-hidden=\"true\" data-negative=\"false\">\n\t\t\t<svg xmlns=\"http:\/\/www.w3.org\/2000\/svg\" viewbox=\"0 0 1000 100\" preserveaspectratio=\"none\">\n\t<path class=\"elementor-shape-fill\" d=\"M421.9,6.5c22.6-2.5,51.5,0.4,75.5,5.3c23.6,4.9,70.9,23.5,100.5,35.7c75.8,32.2,133.7,44.5,192.6,49.7\tc23.6,2.1,48.7,3.5,103.4-2.5c54.7-6,106.2-25.6,106.2-25.6V0H0v30.3c0,0,72,32.6,158.4,30.5c39.2-0.7,92.8-6.7,134-22.4\tc21.2-8.1,52.2-18.2,79.7-24.2C399.3,7.9,411.6,7.5,421.9,6.5z\"\/>\n<\/svg>\t\t<\/div>\n\t\t<div class=\"elementor-element elementor-element-8e5ebfd e-con-full e-flex e-con e-child\" data-id=\"8e5ebfd\" data-element_type=\"container\" data-e-type=\"container\">\n\t\t\t\t<div class=\"elementor-element elementor-element-299f7e7 animated-slow elementor-invisible elementor-widget elementor-widget-heading\" data-id=\"299f7e7\" data-element_type=\"widget\" data-e-type=\"widget\" data-settings=\"{&quot;_animation&quot;:&quot;fadeInUp&quot;}\" data-widget_type=\"heading.default\">\n\t\t\t\t<div class=\"elementor-widget-container\">\n\t\t\t\t\t<h1 class=\"elementor-heading-title elementor-size-default\">Our Destiny<\/h1>\t\t\t\t<\/div>\n\t\t\t\t<\/div>\n\t\t\t\t<div class=\"elementor-element elementor-element-949a78b elementor-widget elementor-widget-text-editor\" data-id=\"949a78b\" data-element_type=\"widget\" data-e-type=\"widget\" data-widget_type=\"text-editor.default\">\n\t\t\t\t<div class=\"elementor-widget-container\">\n\t\t\t\t\t\t\t\t\t<p>Latin America: a destination where culture, nature and innovation meet<\/p>\t\t\t\t\t\t\t\t<\/div>\n\t\t\t\t<\/div>\n\t\t\t\t<\/div>\n\t\t\t\t\t<\/div>\n\t\t\t\t<\/div>\n\t\t<div class=\"elementor-element elementor-element-730c040b e-flex e-con-boxed e-con e-parent\" data-id=\"730c040b\" data-element_type=\"container\" data-e-type=\"container\" data-settings=\"{&quot;background_background&quot;:&quot;classic&quot;}\">\n\t\t\t\t\t<div class=\"e-con-inner\">\n\t\t<div class=\"elementor-element elementor-element-62898a16 e-con-full e-flex e-con e-child\" data-id=\"62898a16\" data-element_type=\"container\" data-e-type=\"container\">\n\t\t\t\t<div class=\"elementor-element elementor-element-66b1c092 elementor-widget elementor-widget-image\" data-id=\"66b1c092\" data-element_type=\"widget\" data-e-type=\"widget\" data-widget_type=\"image.default\">\n\t\t\t\t<div class=\"elementor-widget-container\">\n\t\t\t\t\t\t\t\t\t\t\t\t\t\t\t<img fetchpriority=\"high\" decoding=\"async\" width=\"768\" height=\"512\" src=\"https:\/\/latamessence.com\/wp-content\/uploads\/2025\/08\/pexels-diego-alberto-martinez-mendoza-2151149994-31657159-768x512.jpg\" class=\"attachment-medium_large size-medium_large wp-image-2445\" alt=\"\" srcset=\"https:\/\/latamessence.com\/wp-content\/uploads\/2025\/08\/pexels-diego-alberto-martinez-mendoza-2151149994-31657159-768x512.jpg 768w, https:\/\/latamessence.com\/wp-content\/uploads\/2025\/08\/pexels-diego-alberto-martinez-mendoza-2151149994-31657159-300x200.jpg 300w, https:\/\/latamessence.com\/wp-content\/uploads\/2025\/08\/pexels-diego-alberto-martinez-mendoza-2151149994-31657159-1024x682.jpg 1024w, https:\/\/latamessence.com\/wp-content\/uploads\/2025\/08\/pexels-diego-alberto-martinez-mendoza-2151149994-31657159.jpg 1280w\" sizes=\"(max-width: 768px) 100vw, 768px\" \/>\t\t\t\t\t\t\t\t\t\t\t\t\t\t\t<\/div>\n\t\t\t\t<\/div>\n\t\t\t\t<div class=\"elementor-element elementor-element-fa8e919 elementor-widget elementor-widget-image\" data-id=\"fa8e919\" data-element_type=\"widget\" data-e-type=\"widget\" data-widget_type=\"image.default\">\n\t\t\t\t<div class=\"elementor-widget-container\">\n\t\t\t\t\t\t\t\t\t\t\t\t\t\t\t<img decoding=\"async\" width=\"768\" height=\"512\" src=\"https:\/\/latamessence.com\/wp-content\/uploads\/2025\/09\/colombia-4-768x512.jpg\" class=\"attachment-medium_large size-medium_large wp-image-2472\" alt=\"\" srcset=\"https:\/\/latamessence.com\/wp-content\/uploads\/2025\/09\/colombia-4-768x512.jpg 768w, https:\/\/latamessence.com\/wp-content\/uploads\/2025\/09\/colombia-4-300x200.jpg 300w, https:\/\/latamessence.com\/wp-content\/uploads\/2025\/09\/colombia-4-1024x683.jpg 1024w, https:\/\/latamessence.com\/wp-content\/uploads\/2025\/09\/colombia-4.jpg 1279w\" sizes=\"(max-width: 768px) 100vw, 768px\" \/>\t\t\t\t\t\t\t\t\t\t\t\t\t\t\t<\/div>\n\t\t\t\t<\/div>\n\t\t\t\t<\/div>\n\t\t<div class=\"elementor-element elementor-element-43670506 e-con-full e-flex e-con e-child\" data-id=\"43670506\" data-element_type=\"container\" data-e-type=\"container\">\n\t\t\t\t<div class=\"elementor-element elementor-element-3e123237 elementor-widget elementor-widget-heading\" data-id=\"3e123237\" data-element_type=\"widget\" data-e-type=\"widget\" data-widget_type=\"heading.default\">\n\t\t\t\t<div class=\"elementor-widget-container\">\n\t\t\t\t\t<h2 class=\"elementor-heading-title elementor-size-default\">The Region's MICE Potential<\/h2>\t\t\t\t<\/div>\n\t\t\t\t<\/div>\n\t\t\t\t<div class=\"elementor-element elementor-element-1f8bbdee elementor-widget-divider--view-line elementor-widget elementor-widget-divider\" data-id=\"1f8bbdee\" data-element_type=\"widget\" data-e-type=\"widget\" data-widget_type=\"divider.default\">\n\t\t\t\t<div class=\"elementor-widget-container\">\n\t\t\t\t\t\t\t<div class=\"elementor-divider\">\n\t\t\t<span class=\"elementor-divider-separator\">\n\t\t\t\t\t\t<\/span>\n\t\t<\/div>\n\t\t\t\t\t\t<\/div>\n\t\t\t\t<\/div>\n\t\t\t\t<div class=\"elementor-element elementor-element-399b5c92 elementor-widget elementor-widget-heading\" data-id=\"399b5c92\" data-element_type=\"widget\" data-e-type=\"widget\" data-widget_type=\"heading.default\">\n\t\t\t\t<div class=\"elementor-widget-container\">\n\t\t\t\t\t<h5 class=\"elementor-heading-title elementor-size-default\">Diversity, history, and modernity at the service of great experiences<\/h5>\t\t\t\t<\/div>\n\t\t\t\t<\/div>\n\t\t\t\t<div class=\"elementor-element elementor-element-9b9bd22 elementor-widget elementor-widget-text-editor\" data-id=\"9b9bd22\" data-element_type=\"widget\" data-e-type=\"widget\" data-widget_type=\"text-editor.default\">\n\t\t\t\t<div class=\"elementor-widget-container\">\n\t\t\t\t\t\t\t\t\t<p>Latin America is a vibrant and diverse region offering a wide variety of tourist destinations, each with its own history, culture, and natural beauty.<\/p><p>From the ancient Mayan and Aztec ruins in Mexico and Guatemala to the colorful colonial cities of Colombia, Ecuador, and Peru, the cultural heritage is profound and fascinating.<\/p>\t\t\t\t\t\t\t\t<\/div>\n\t\t\t\t<\/div>\n\t\t\t\t<\/div>\n\t\t\t\t\t<\/div>\n\t\t\t\t<\/div>\n\t\t<div class=\"elementor-element elementor-element-53230f0 e-flex e-con-boxed e-con e-parent\" data-id=\"53230f0\" data-element_type=\"container\" data-e-type=\"container\" data-settings=\"{&quot;background_background&quot;:&quot;classic&quot;}\">\n\t\t\t\t\t<div class=\"e-con-inner\">\n\t\t<div class=\"elementor-element elementor-element-7bca2b9 e-con-full e-flex e-con e-child\" data-id=\"7bca2b9\" data-element_type=\"container\" data-e-type=\"container\">\n\t\t\t\t<div class=\"elementor-element elementor-element-358f7e1 elementor-widget-divider--view-line elementor-widget elementor-widget-divider\" data-id=\"358f7e1\" data-element_type=\"widget\" data-e-type=\"widget\" data-widget_type=\"divider.default\">\n\t\t\t\t<div class=\"elementor-widget-container\">\n\t\t\t\t\t\t\t<div class=\"elementor-divider\">\n\t\t\t<span class=\"elementor-divider-separator\">\n\t\t\t\t\t\t<\/span>\n\t\t<\/div>\n\t\t\t\t\t\t<\/div>\n\t\t\t\t<\/div>\n\t\t\t\t<div class=\"elementor-element elementor-element-c2446f4 elementor-widget elementor-widget-text-editor\" data-id=\"c2446f4\" data-element_type=\"widget\" data-e-type=\"widget\" data-widget_type=\"text-editor.default\">\n\t\t\t\t<div class=\"elementor-widget-container\">\n\t\t\t\t\t\t\t\t\t<p>En Brasil, las exuberantes selvas amaz\u00f3nicas y las famosas playas de R\u00edo de Janeiro atraen a viajeros que buscan aventura y naturaleza, mientras que Chile y Argentina seducen con paisajes impresionantes como los glaciares de la Patagonia y las cordilleras de los Andes.<\/p><p style=\"text-align: justify;\">Paraguay cuenta con una riqueza hist\u00f3rica, natural y cultural, as\u00ed como patrimonios de la humanidad, combinando <strong>ubicaci\u00f3n estrat\u00e9gica en el coraz\u00f3n de Sudam\u00e9rica<\/strong>.<\/p><p>Las islas del Caribe, como Cuba, Rep\u00fablica Dominicana y Puerto Rico, proyectan paradis\u00edacas playas y un ambiente festivo que cautiva a todos los visitantes.<\/p><p>In addition to its natural and cultural richness, Latin America stands out in the MICE tourism segment, establishing itself as an ideal destination for international conferences, trade shows, and corporate events.<\/p>\t\t\t\t\t\t\t\t<\/div>\n\t\t\t\t<\/div>\n\t\t\t\t<\/div>\n\t\t<div class=\"elementor-element elementor-element-b9b7411 e-con-full e-flex e-con e-child\" data-id=\"b9b7411\" data-element_type=\"container\" data-e-type=\"container\">\n\t\t\t\t<div class=\"elementor-element elementor-element-0d2e29c elementor-widget elementor-widget-image\" data-id=\"0d2e29c\" data-element_type=\"widget\" data-e-type=\"widget\" data-widget_type=\"image.default\">\n\t\t\t\t<div class=\"elementor-widget-container\">\n\t\t\t\t\t\t\t\t\t\t\t\t\t\t\t<img decoding=\"async\" width=\"768\" height=\"615\" src=\"https:\/\/latamessence.com\/wp-content\/uploads\/2025\/09\/colombia-3-768x615.jpg\" class=\"attachment-medium_large size-medium_large wp-image-2471\" alt=\"\" srcset=\"https:\/\/latamessence.com\/wp-content\/uploads\/2025\/09\/colombia-3-768x615.jpg 768w, https:\/\/latamessence.com\/wp-content\/uploads\/2025\/09\/colombia-3-300x240.jpg 300w, https:\/\/latamessence.com\/wp-content\/uploads\/2025\/09\/colombia-3-1024x821.jpg 1024w, https:\/\/latamessence.com\/wp-content\/uploads\/2025\/09\/colombia-3.jpg 1279w\" sizes=\"(max-width: 768px) 100vw, 768px\" \/>\t\t\t\t\t\t\t\t\t\t\t\t\t\t\t<\/div>\n\t\t\t\t<\/div>\n\t\t\t\t<div class=\"elementor-element elementor-element-4017bf4 elementor-widget elementor-widget-image\" data-id=\"4017bf4\" data-element_type=\"widget\" data-e-type=\"widget\" data-widget_type=\"image.default\">\n\t\t\t\t<div class=\"elementor-widget-container\">\n\t\t\t\t\t\t\t\t\t\t\t\t\t\t\t<img loading=\"lazy\" decoding=\"async\" width=\"768\" height=\"500\" src=\"https:\/\/latamessence.com\/wp-content\/uploads\/2025\/09\/chile-1-768x500.jpg\" class=\"attachment-medium_large size-medium_large wp-image-2467\" alt=\"\" srcset=\"https:\/\/latamessence.com\/wp-content\/uploads\/2025\/09\/chile-1-768x500.jpg 768w, https:\/\/latamessence.com\/wp-content\/uploads\/2025\/09\/chile-1-300x195.jpg 300w, https:\/\/latamessence.com\/wp-content\/uploads\/2025\/09\/chile-1-1024x667.jpg 1024w, https:\/\/latamessence.com\/wp-content\/uploads\/2025\/09\/chile-1.jpg 1280w\" sizes=\"(max-width: 768px) 100vw, 768px\" \/>\t\t\t\t\t\t\t\t\t\t\t\t\t\t\t<\/div>\n\t\t\t\t<\/div>\n\t\t\t\t<\/div>\n\t\t\t\t\t<\/div>\n\t\t\t\t<\/div>\n\t\t<div class=\"elementor-element elementor-element-156ba84 e-flex e-con-boxed e-con e-parent\" data-id=\"156ba84\" data-element_type=\"container\" data-e-type=\"container\" data-settings=\"{&quot;background_background&quot;:&quot;classic&quot;}\">\n\t\t\t\t\t<div class=\"e-con-inner\">\n\t\t<div class=\"elementor-element elementor-element-44c26d6 e-con-full e-flex e-con e-child\" data-id=\"44c26d6\" data-element_type=\"container\" data-e-type=\"container\">\n\t\t\t\t<div class=\"elementor-element elementor-element-b90d1e0 elementor-widget elementor-widget-image\" data-id=\"b90d1e0\" data-element_type=\"widget\" data-e-type=\"widget\" data-widget_type=\"image.default\">\n\t\t\t\t<div class=\"elementor-widget-container\">\n\t\t\t\t\t\t\t\t\t\t\t\t\t\t\t<img loading=\"lazy\" decoding=\"async\" width=\"768\" height=\"544\" src=\"https:\/\/latamessence.com\/wp-content\/uploads\/2025\/09\/dominicana-1-768x544.jpg\" class=\"attachment-medium_large size-medium_large wp-image-2473\" alt=\"\" srcset=\"https:\/\/latamessence.com\/wp-content\/uploads\/2025\/09\/dominicana-1-768x544.jpg 768w, https:\/\/latamessence.com\/wp-content\/uploads\/2025\/09\/dominicana-1-300x212.jpg 300w, https:\/\/latamessence.com\/wp-content\/uploads\/2025\/09\/dominicana-1-1024x725.jpg 1024w, https:\/\/latamessence.com\/wp-content\/uploads\/2025\/09\/dominicana-1.jpg 1280w\" sizes=\"(max-width: 768px) 100vw, 768px\" \/>\t\t\t\t\t\t\t\t\t\t\t\t\t\t\t<\/div>\n\t\t\t\t<\/div>\n\t\t\t\t<div class=\"elementor-element elementor-element-7df9f90 elementor-widget elementor-widget-image\" data-id=\"7df9f90\" data-element_type=\"widget\" data-e-type=\"widget\" data-widget_type=\"image.default\">\n\t\t\t\t<div class=\"elementor-widget-container\">\n\t\t\t\t\t\t\t\t\t\t\t\t\t\t\t<img loading=\"lazy\" decoding=\"async\" width=\"768\" height=\"512\" src=\"https:\/\/latamessence.com\/wp-content\/uploads\/2025\/09\/colombia-1-768x512.jpg\" class=\"attachment-medium_large size-medium_large wp-image-2470\" alt=\"\" srcset=\"https:\/\/latamessence.com\/wp-content\/uploads\/2025\/09\/colombia-1-768x512.jpg 768w, https:\/\/latamessence.com\/wp-content\/uploads\/2025\/09\/colombia-1-300x200.jpg 300w, https:\/\/latamessence.com\/wp-content\/uploads\/2025\/09\/colombia-1-1024x682.jpg 1024w, https:\/\/latamessence.com\/wp-content\/uploads\/2025\/09\/colombia-1.jpg 1280w\" sizes=\"(max-width: 768px) 100vw, 768px\" \/>\t\t\t\t\t\t\t\t\t\t\t\t\t\t\t<\/div>\n\t\t\t\t<\/div>\n\t\t\t\t<\/div>\n\t\t<div class=\"elementor-element elementor-element-440b99e e-con-full e-flex e-con e-child\" data-id=\"440b99e\" data-element_type=\"container\" data-e-type=\"container\">\n\t\t\t\t<div class=\"elementor-element elementor-element-a3b44de elementor-widget-divider--view-line elementor-widget elementor-widget-divider\" data-id=\"a3b44de\" data-element_type=\"widget\" data-e-type=\"widget\" data-widget_type=\"divider.default\">\n\t\t\t\t<div class=\"elementor-widget-container\">\n\t\t\t\t\t\t\t<div class=\"elementor-divider\">\n\t\t\t<span class=\"elementor-divider-separator\">\n\t\t\t\t\t\t<\/span>\n\t\t<\/div>\n\t\t\t\t\t\t<\/div>\n\t\t\t\t<\/div>\n\t\t\t\t<div class=\"elementor-element elementor-element-fbe67ea elementor-widget elementor-widget-text-editor\" data-id=\"fbe67ea\" data-element_type=\"widget\" data-e-type=\"widget\" data-widget_type=\"text-editor.default\">\n\t\t\t\t<div class=\"elementor-widget-container\">\n\t\t\t\t\t\t\t\t\t<p>These countries offer modern infrastructure, first-class convention centers, and venues that facilitate the organization of large-scale events, adding a business and networking dimension to their tourist appeal. All of this makes Latin America a unique and complete destination, where history, nature, and innovation converge to create memorable experiences with every visit.<\/p>\t\t\t\t\t\t\t\t<\/div>\n\t\t\t\t<\/div>\n\t\t\t\t<\/div>\n\t\t\t\t\t<\/div>\n\t\t\t\t<\/div>\n\t\t<div class=\"elementor-element elementor-element-7753b654 e-flex e-con-boxed e-con e-parent\" data-id=\"7753b654\" data-element_type=\"container\" data-e-type=\"container\" data-settings=\"{&quot;background_background&quot;:&quot;classic&quot;,&quot;shape_divider_bottom&quot;:&quot;waves&quot;}\">\n\t\t\t\t\t<div class=\"e-con-inner\">\n\t\t\t\t<div class=\"elementor-shape elementor-shape-bottom\" aria-hidden=\"true\" data-negative=\"false\">\n\t\t\t<svg xmlns=\"http:\/\/www.w3.org\/2000\/svg\" viewbox=\"0 0 1000 100\" preserveaspectratio=\"none\">\n\t<path class=\"elementor-shape-fill\" d=\"M421.9,6.5c22.6-2.5,51.5,0.4,75.5,5.3c23.6,4.9,70.9,23.5,100.5,35.7c75.8,32.2,133.7,44.5,192.6,49.7\tc23.6,2.1,48.7,3.5,103.4-2.5c54.7-6,106.2-25.6,106.2-25.6V0H0v30.3c0,0,72,32.6,158.4,30.5c39.2-0.7,92.8-6.7,134-22.4\tc21.2-8.1,52.2-18.2,79.7-24.2C399.3,7.9,411.6,7.5,421.9,6.5z\"\/>\n<\/svg>\t\t<\/div>\n\t\t<div class=\"elementor-element elementor-element-1268b7b7 e-con-full e-flex e-con e-child\" data-id=\"1268b7b7\" data-element_type=\"container\" data-e-type=\"container\">\n\t\t\t\t<div class=\"elementor-element elementor-element-49610bc elementor-vertical-align-middle elementor-widget elementor-widget-image-box\" data-id=\"49610bc\" data-element_type=\"widget\" data-e-type=\"widget\" data-widget_type=\"image-box.default\">\n\t\t\t\t<div class=\"elementor-widget-container\">\n\t\t\t\t\t<div class=\"elementor-image-box-wrapper\"><div class=\"elementor-image-box-content\"><h2 class=\"elementor-image-box-title\">We transform plans into memorable experiences<\/h2><p class=\"elementor-image-box-description\">We make sure your event, conference, or corporate meeting is unique and unforgettable.<\/p><\/div><\/div>\t\t\t\t<\/div>\n\t\t\t\t<\/div>\n\t\t\t\t<div class=\"elementor-element elementor-element-65b05b99 elementor-align-center elementor-mobile-align-justify animated-slow elementor-invisible elementor-widget elementor-widget-button\" data-id=\"65b05b99\" data-element_type=\"widget\" data-e-type=\"widget\" data-settings=\"{&quot;_animation&quot;:&quot;fadeInUp&quot;}\" data-widget_type=\"button.default\">\n\t\t\t\t<div class=\"elementor-widget-container\">\n\t\t\t\t\t\t\t\t\t<div class=\"elementor-button-wrapper\">\n\t\t\t\t\t<a class=\"elementor-button elementor-button-link elementor-size-md elementor-animation-grow\" href=\"https:\/\/latamessence.com\/en\/contacto\/\">\n\t\t\t\t\t\t<span class=\"elementor-button-content-wrapper\">\n\t\t\t\t\t\t\t\t\t<span class=\"elementor-button-text\">Contact Us<\/span>\n\t\t\t\t\t<\/span>\n\t\t\t\t\t<\/a>\n\t\t\t\t<\/div>\n\t\t\t\t\t\t\t\t<\/div>\n\t\t\t\t<\/div>\n\t\t\t\t<\/div>\n\t\t\t\t\t<\/div>\n\t\t\t\t<\/div>\n\t\t\t\t<\/div>","protected":false},"excerpt":{"rendered":"<p>Nuestro Destino Latinoam\u00e9rica: un destino donde cultura, naturaleza e innovaci\u00f3n se encuentran Potencial MICE de la regi\u00f3n Diversidad, historia y modernidad al servicio de grandes experiencias Latinoam\u00e9rica es una regi\u00f3n vibrante y diversa que ofrece una amplia variedad de destinos tur\u00edsticos, cada uno con su propia historia, cultura y belleza natural. Desde las antiguas ruinas [&hellip;]<\/p>\n","protected":false},"author":1,"featured_media":0,"parent":0,"menu_order":0,"comment_status":"closed","ping_status":"closed","template":"","meta":{"site-sidebar-layout":"no-sidebar","site-content-layout":"page-builder","ast-site-content-layout":"full-width-container","site-content-style":"unboxed","site-sidebar-style":"unboxed","ast-global-header-display":"","ast-banner-title-visibility":"","ast-main-header-display":"","ast-hfb-above-header-display":"","ast-hfb-below-header-display":"","ast-hfb-mobile-header-display":"","site-post-title":"disabled","ast-breadcrumbs-content":"","ast-featured-img":"disabled","footer-sml-layout":"","theme-transparent-header-meta":"disabled","adv-header-id-meta":"","stick-header-meta":"","header-above-stick-meta":"","header-main-stick-meta":"","header-below-stick-meta":"","astra-migrate-meta-layouts":"set","ast-page-background-enabled":"default","ast-page-background-meta":{"desktop":{"background-color":"","background-image":"","background-repeat":"repeat","background-position":"center center","background-size":"auto","background-attachment":"scroll","background-type":"","background-media":"","overlay-type":"","overlay-color":"","overlay-opacity":"","overlay-gradient":""},"tablet":{"background-color":"","background-image":"","background-repeat":"repeat","background-position":"center center","background-size":"auto","background-attachment":"scroll","background-type":"","background-media":"","overlay-type":"","overlay-color":"","overlay-opacity":"","overlay-gradient":""},"mobile":{"background-color":"","background-image":"","background-repeat":"repeat","background-position":"center center","background-size":"auto","background-attachment":"scroll","background-type":"","background-media":"","overlay-type":"","overlay-color":"","overlay-opacity":"","overlay-gradient":""}},"ast-content-background-meta":{"desktop":{"background-color":"var(--ast-global-color-5)","background-image":"","background-repeat":"repeat","background-position":"center center","background-size":"auto","background-attachment":"scroll","background-type":"","background-media":"","overlay-type":"","overlay-color":"","overlay-opacity":"","overlay-gradient":""},"tablet":{"background-color":"var(--ast-global-color-5)","background-image":"","background-repeat":"repeat","background-position":"center center","background-size":"auto","background-attachment":"scroll","background-type":"","background-media":"","overlay-type":"","overlay-color":"","overlay-opacity":"","overlay-gradient":""},"mobile":{"background-color":"var(--ast-global-color-5)","background-image":"","background-repeat":"repeat","background-position":"center center","background-size":"auto","background-attachment":"scroll","background-type":"","background-media":"","overlay-type":"","overlay-color":"","overlay-opacity":"","overlay-gradient":""}},"footnotes":""},"class_list":["post-2433","page","type-page","status-publish","hentry"],"_links":{"self":[{"href":"https:\/\/latamessence.com\/en\/wp-json\/wp\/v2\/pages\/2433","targetHints":{"allow":["GET"]}}],"collection":[{"href":"https:\/\/latamessence.com\/en\/wp-json\/wp\/v2\/pages"}],"about":[{"href":"https:\/\/latamessence.com\/en\/wp-json\/wp\/v2\/types\/page"}],"author":[{"embeddable":true,"href":"https:\/\/latamessence.com\/en\/wp-json\/wp\/v2\/users\/1"}],"replies":[{"embeddable":true,"href":"https:\/\/latamessence.com\/en\/wp-json\/wp\/v2\/comments?post=2433"}],"version-history":[{"count":13,"href":"https:\/\/latamessence.com\/en\/wp-json\/wp\/v2\/pages\/2433\/revisions"}],"predecessor-version":[{"id":2541,"href":"https:\/\/latamessence.com\/en\/wp-json\/wp\/v2\/pages\/2433\/revisions\/2541"}],"wp:attachment":[{"href":"https:\/\/latamessence.com\/en\/wp-json\/wp\/v2\/media?parent=2433"}],"curies":[{"name":"wp","href":"https:\/\/api.w.org\/{rel}","templated":true}]}}