{"id":2397,"date":"2025-08-28T17:43:02","date_gmt":"2025-08-28T20:43:02","guid":{"rendered":"https:\/\/latamessence.com\/?page_id=2397"},"modified":"2025-08-28T19:58:00","modified_gmt":"2025-08-28T22:58:00","slug":"pilares","status":"publish","type":"page","link":"https:\/\/latamessence.com\/en\/pilares\/","title":{"rendered":"Our Pillars"},"content":{"rendered":"<div data-elementor-type=\"wp-post\" data-elementor-id=\"2397\" class=\"elementor elementor-2397\" data-elementor-post-type=\"page\">\n\t\t\t\t<div class=\"elementor-element elementor-element-98746ab e-flex e-con-boxed e-con e-parent\" data-id=\"98746ab\" data-element_type=\"container\" data-e-type=\"container\" data-settings=\"{&quot;background_background&quot;:&quot;classic&quot;}\">\n\t\t\t\t\t<div class=\"e-con-inner\">\n\t\t<div class=\"elementor-element elementor-element-8e5ebfd e-con-full e-flex e-con e-child\" data-id=\"8e5ebfd\" data-element_type=\"container\" data-e-type=\"container\">\n\t\t\t\t<div class=\"elementor-element elementor-element-299f7e7 animated-slow elementor-invisible elementor-widget elementor-widget-heading\" data-id=\"299f7e7\" data-element_type=\"widget\" data-e-type=\"widget\" data-settings=\"{&quot;_animation&quot;:&quot;fadeInUp&quot;}\" data-widget_type=\"heading.default\">\n\t\t\t\t<div class=\"elementor-widget-container\">\n\t\t\t\t\t<h1 class=\"elementor-heading-title elementor-size-default\">Our Pillars<\/h1>\t\t\t\t<\/div>\n\t\t\t\t<\/div>\n\t\t\t\t<div class=\"elementor-element elementor-element-949a78b elementor-widget elementor-widget-text-editor\" data-id=\"949a78b\" data-element_type=\"widget\" data-e-type=\"widget\" data-widget_type=\"text-editor.default\">\n\t\t\t\t<div class=\"elementor-widget-container\">\n\t\t\t\t\t\t\t\t\t<p>Our fundamental commitments to transform the MICE industry in Latin America<\/p>\t\t\t\t\t\t\t\t<\/div>\n\t\t\t\t<\/div>\n\t\t\t\t<\/div>\n\t\t\t\t\t<\/div>\n\t\t\t\t<\/div>\n\t\t<div class=\"elementor-element elementor-element-31316aa7 e-flex e-con-boxed e-con e-parent\" data-id=\"31316aa7\" data-element_type=\"container\" data-e-type=\"container\" id=\"lo-que-nos-mueve\" data-settings=\"{&quot;background_background&quot;:&quot;classic&quot;}\">\n\t\t\t\t\t<div class=\"e-con-inner\">\n\t\t<div class=\"elementor-element elementor-element-39d692ff e-con-full e-flex e-con e-child\" data-id=\"39d692ff\" data-element_type=\"container\" data-e-type=\"container\">\n\t\t\t\t<div class=\"elementor-element elementor-element-3c67ca8c elementor-widget elementor-widget-heading\" data-id=\"3c67ca8c\" data-element_type=\"widget\" data-e-type=\"widget\" data-widget_type=\"heading.default\">\n\t\t\t\t<div class=\"elementor-widget-container\">\n\t\t\t\t\t<h2 class=\"elementor-heading-title elementor-size-default\">What moves us!<\/h2>\t\t\t\t<\/div>\n\t\t\t\t<\/div>\n\t\t\t\t<div class=\"elementor-element elementor-element-49696699 elementor-widget-divider--view-line elementor-widget elementor-widget-divider\" data-id=\"49696699\" data-element_type=\"widget\" data-e-type=\"widget\" data-widget_type=\"divider.default\">\n\t\t\t\t<div class=\"elementor-widget-container\">\n\t\t\t\t\t\t\t<div class=\"elementor-divider\">\n\t\t\t<span class=\"elementor-divider-separator\">\n\t\t\t\t\t\t<\/span>\n\t\t<\/div>\n\t\t\t\t\t\t<\/div>\n\t\t\t\t<\/div>\n\t\t\t\t<div class=\"elementor-element elementor-element-1b5fb1e7 elementor-widget elementor-widget-heading\" data-id=\"1b5fb1e7\" data-element_type=\"widget\" data-e-type=\"widget\" data-widget_type=\"heading.default\">\n\t\t\t\t<div class=\"elementor-widget-container\">\n\t\t\t\t\t<h5 class=\"elementor-heading-title elementor-size-default\">Pillars that Inspire Our Action<\/h5>\t\t\t\t<\/div>\n\t\t\t\t<\/div>\n\t\t\t\t<div class=\"elementor-element elementor-element-464b91ff elementor-widget elementor-widget-html\" data-id=\"464b91ff\" data-element_type=\"widget\" data-e-type=\"widget\" data-widget_type=\"html.default\">\n\t\t\t\t<div class=\"elementor-widget-container\">\n\t\t\t\t\t<ul>\r\n  <li><span class=\"essence-purple\">Promote<\/span> a united, professional, and ethical image of Latin America, highlighting the region's diversity and capacity to offer quality services in the production of events and conferences.<\/li>\r\n  <li><span class=\"essence-purple\">Encourage<\/span> collaboration between countries to strengthen the events industry at the regional level, enhancing business opportunities and personal growth.<\/li>\r\n  <li><span class=\"essence-purple\">Incorporate<\/span> innovative trends and technologies into event production, adapting to the needs of the global market.<\/li>\r\n  <li><span class=\"essence-purple\">Share<\/span> and replicate success stories and creative solutions that improve the effectiveness and impact of events.<\/li>\r\n  <li><span class=\"essence-purple\">Educate:<\/span>create academic programs for the MICE industry in Latin America.<\/li>\r\n  <li><span class=\"essence-purple\">Strengthen<\/span> the role of women in the events industry, promoting their leadership, visibility, and professional development.<\/li>\r\n  <li><span class=\"essence-purple\">Co-create<\/span> a space for support and mentoring among women event producers in Latin America.<\/li>\r\n  <li><span class=\"essence-purple\">Ensure<\/span> that all events produced under the Essence Latam label meet high standards of quality, efficiency, and customer satisfaction.<\/li>\r\n<\/ul>\r\n\t\t\t\t<\/div>\n\t\t\t\t<\/div>\n\t\t\t\t<\/div>\n\t\t<div class=\"elementor-element elementor-element-1ed9155a e-con-full e-flex e-con e-child\" data-id=\"1ed9155a\" data-element_type=\"container\" data-e-type=\"container\">\n\t\t\t\t<div class=\"elementor-element elementor-element-5e276d15 elementor-widget elementor-widget-image\" data-id=\"5e276d15\" data-element_type=\"widget\" data-e-type=\"widget\" data-widget_type=\"image.default\">\n\t\t\t\t<div class=\"elementor-widget-container\">\n\t\t\t\t\t\t\t\t\t\t\t\t\t\t\t<img fetchpriority=\"high\" decoding=\"async\" width=\"768\" height=\"512\" src=\"https:\/\/latamessence.com\/wp-content\/uploads\/2025\/08\/Visit-Argentina-8-768x512.jpg\" class=\"attachment-medium_large size-medium_large wp-image-1960\" alt=\"\" srcset=\"https:\/\/latamessence.com\/wp-content\/uploads\/2025\/08\/Visit-Argentina-8-768x512.jpg 768w, https:\/\/latamessence.com\/wp-content\/uploads\/2025\/08\/Visit-Argentina-8-300x200.jpg 300w, https:\/\/latamessence.com\/wp-content\/uploads\/2025\/08\/Visit-Argentina-8-1024x683.jpg 1024w, https:\/\/latamessence.com\/wp-content\/uploads\/2025\/08\/Visit-Argentina-8.jpg 1200w\" sizes=\"(max-width: 768px) 100vw, 768px\" \/>\t\t\t\t\t\t\t\t\t\t\t\t\t\t\t<\/div>\n\t\t\t\t<\/div>\n\t\t\t\t<div class=\"elementor-element elementor-element-1a322e86 elementor-widget elementor-widget-image\" data-id=\"1a322e86\" data-element_type=\"widget\" data-e-type=\"widget\" data-widget_type=\"image.default\">\n\t\t\t\t<div class=\"elementor-widget-container\">\n\t\t\t\t\t\t\t\t\t\t\t\t\t\t\t<img decoding=\"async\" width=\"768\" height=\"512\" src=\"https:\/\/latamessence.com\/wp-content\/uploads\/2025\/08\/SOCHMET-05970-768x512.jpg\" class=\"attachment-medium_large size-medium_large wp-image-1956\" alt=\"\" srcset=\"https:\/\/latamessence.com\/wp-content\/uploads\/2025\/08\/SOCHMET-05970-768x512.jpg 768w, https:\/\/latamessence.com\/wp-content\/uploads\/2025\/08\/SOCHMET-05970-300x200.jpg 300w, https:\/\/latamessence.com\/wp-content\/uploads\/2025\/08\/SOCHMET-05970-1024x683.jpg 1024w, https:\/\/latamessence.com\/wp-content\/uploads\/2025\/08\/SOCHMET-05970.jpg 1500w\" sizes=\"(max-width: 768px) 100vw, 768px\" \/>\t\t\t\t\t\t\t\t\t\t\t\t\t\t\t<\/div>\n\t\t\t\t<\/div>\n\t\t\t\t<\/div>\n\t\t\t\t\t<\/div>\n\t\t\t\t<\/div>\n\t\t<div class=\"elementor-element elementor-element-7753b654 e-flex e-con-boxed e-con e-parent\" data-id=\"7753b654\" data-element_type=\"container\" data-e-type=\"container\" data-settings=\"{&quot;background_background&quot;:&quot;classic&quot;,&quot;shape_divider_bottom&quot;:&quot;waves&quot;}\">\n\t\t\t\t\t<div class=\"e-con-inner\">\n\t\t\t\t<div class=\"elementor-shape elementor-shape-bottom\" aria-hidden=\"true\" data-negative=\"false\">\n\t\t\t<svg xmlns=\"http:\/\/www.w3.org\/2000\/svg\" viewbox=\"0 0 1000 100\" preserveaspectratio=\"none\">\n\t<path class=\"elementor-shape-fill\" d=\"M421.9,6.5c22.6-2.5,51.5,0.4,75.5,5.3c23.6,4.9,70.9,23.5,100.5,35.7c75.8,32.2,133.7,44.5,192.6,49.7\tc23.6,2.1,48.7,3.5,103.4-2.5c54.7-6,106.2-25.6,106.2-25.6V0H0v30.3c0,0,72,32.6,158.4,30.5c39.2-0.7,92.8-6.7,134-22.4\tc21.2-8.1,52.2-18.2,79.7-24.2C399.3,7.9,411.6,7.5,421.9,6.5z\"\/>\n<\/svg>\t\t<\/div>\n\t\t<div class=\"elementor-element elementor-element-1268b7b7 e-con-full e-flex e-con e-child\" data-id=\"1268b7b7\" data-element_type=\"container\" data-e-type=\"container\">\n\t\t\t\t<div class=\"elementor-element elementor-element-49610bc elementor-vertical-align-middle elementor-widget elementor-widget-image-box\" data-id=\"49610bc\" data-element_type=\"widget\" data-e-type=\"widget\" data-widget_type=\"image-box.default\">\n\t\t\t\t<div class=\"elementor-widget-container\">\n\t\t\t\t\t<div class=\"elementor-image-box-wrapper\"><div class=\"elementor-image-box-content\"><h2 class=\"elementor-image-box-title\">We transform plans into memorable experiences<\/h2><p class=\"elementor-image-box-description\">We make sure your event, conference, or corporate meeting is unique and unforgettable.<\/p><\/div><\/div>\t\t\t\t<\/div>\n\t\t\t\t<\/div>\n\t\t\t\t<div class=\"elementor-element elementor-element-65b05b99 elementor-align-center elementor-mobile-align-justify animated-slow elementor-invisible elementor-widget elementor-widget-button\" data-id=\"65b05b99\" data-element_type=\"widget\" data-e-type=\"widget\" data-settings=\"{&quot;_animation&quot;:&quot;fadeInUp&quot;}\" data-widget_type=\"button.default\">\n\t\t\t\t<div class=\"elementor-widget-container\">\n\t\t\t\t\t\t\t\t\t<div class=\"elementor-button-wrapper\">\n\t\t\t\t\t<a class=\"elementor-button elementor-button-link elementor-size-md elementor-animation-grow\" href=\"https:\/\/latamessence.com\/en\/contacto\/\">\n\t\t\t\t\t\t<span class=\"elementor-button-content-wrapper\">\n\t\t\t\t\t\t\t\t\t<span class=\"elementor-button-text\">Contact Us<\/span>\n\t\t\t\t\t<\/span>\n\t\t\t\t\t<\/a>\n\t\t\t\t<\/div>\n\t\t\t\t\t\t\t\t<\/div>\n\t\t\t\t<\/div>\n\t\t\t\t<\/div>\n\t\t\t\t\t<\/div>\n\t\t\t\t<\/div>\n\t\t\t\t<\/div>","protected":false},"excerpt":{"rendered":"<p>Pilares Nuestros compromisos fundamentales para transformar la industria MICE en Latinoam\u00e9rica \u00a1Lo que nos mueve! Pilares que Inspiran Nuestra Acci\u00f3n Promover una imagen de Am\u00e9rica Latina unida, profesional y \u00e9tica, destacando la diversidad y capacidad de la regi\u00f3n para ofrecer servicios de calidad en la producci\u00f3n de eventos y congresos. Fomentar la colaboraci\u00f3n entre pa\u00edses [&hellip;]<\/p>\n","protected":false},"author":1,"featured_media":0,"parent":0,"menu_order":0,"comment_status":"closed","ping_status":"closed","template":"","meta":{"site-sidebar-layout":"no-sidebar","site-content-layout":"page-builder","ast-site-content-layout":"full-width-container","site-content-style":"unboxed","site-sidebar-style":"unboxed","ast-global-header-display":"","ast-banner-title-visibility":"","ast-main-header-display":"","ast-hfb-above-header-display":"","ast-hfb-below-header-display":"","ast-hfb-mobile-header-display":"","site-post-title":"disabled","ast-breadcrumbs-content":"","ast-featured-img":"disabled","footer-sml-layout":"","theme-transparent-header-meta":"disabled","adv-header-id-meta":"","stick-header-meta":"","header-above-stick-meta":"","header-main-stick-meta":"","header-below-stick-meta":"","astra-migrate-meta-layouts":"set","ast-page-background-enabled":"default","ast-page-background-meta":{"desktop":{"background-color":"","background-image":"","background-repeat":"repeat","background-position":"center center","background-size":"auto","background-attachment":"scroll","background-type":"","background-media":"","overlay-type":"","overlay-color":"","overlay-opacity":"","overlay-gradient":""},"tablet":{"background-color":"","background-image":"","background-repeat":"repeat","background-position":"center center","background-size":"auto","background-attachment":"scroll","background-type":"","background-media":"","overlay-type":"","overlay-color":"","overlay-opacity":"","overlay-gradient":""},"mobile":{"background-color":"","background-image":"","background-repeat":"repeat","background-position":"center center","background-size":"auto","background-attachment":"scroll","background-type":"","background-media":"","overlay-type":"","overlay-color":"","overlay-opacity":"","overlay-gradient":""}},"ast-content-background-meta":{"desktop":{"background-color":"var(--ast-global-color-5)","background-image":"","background-repeat":"repeat","background-position":"center center","background-size":"auto","background-attachment":"scroll","background-type":"","background-media":"","overlay-type":"","overlay-color":"","overlay-opacity":"","overlay-gradient":""},"tablet":{"background-color":"var(--ast-global-color-5)","background-image":"","background-repeat":"repeat","background-position":"center center","background-size":"auto","background-attachment":"scroll","background-type":"","background-media":"","overlay-type":"","overlay-color":"","overlay-opacity":"","overlay-gradient":""},"mobile":{"background-color":"var(--ast-global-color-5)","background-image":"","background-repeat":"repeat","background-position":"center center","background-size":"auto","background-attachment":"scroll","background-type":"","background-media":"","overlay-type":"","overlay-color":"","overlay-opacity":"","overlay-gradient":""}},"footnotes":""},"class_list":["post-2397","page","type-page","status-publish","hentry"],"_links":{"self":[{"href":"https:\/\/latamessence.com\/en\/wp-json\/wp\/v2\/pages\/2397","targetHints":{"allow":["GET"]}}],"collection":[{"href":"https:\/\/latamessence.com\/en\/wp-json\/wp\/v2\/pages"}],"about":[{"href":"https:\/\/latamessence.com\/en\/wp-json\/wp\/v2\/types\/page"}],"author":[{"embeddable":true,"href":"https:\/\/latamessence.com\/en\/wp-json\/wp\/v2\/users\/1"}],"replies":[{"embeddable":true,"href":"https:\/\/latamessence.com\/en\/wp-json\/wp\/v2\/comments?post=2397"}],"version-history":[{"count":10,"href":"https:\/\/latamessence.com\/en\/wp-json\/wp\/v2\/pages\/2397\/revisions"}],"predecessor-version":[{"id":2437,"href":"https:\/\/latamessence.com\/en\/wp-json\/wp\/v2\/pages\/2397\/revisions\/2437"}],"wp:attachment":[{"href":"https:\/\/latamessence.com\/en\/wp-json\/wp\/v2\/media?parent=2397"}],"curies":[{"name":"wp","href":"https:\/\/api.w.org\/{rel}","templated":true}]}}